{"id":468,"date":"2022-08-24T00:52:13","date_gmt":"2022-08-23T22:52:13","guid":{"rendered":"http:\/\/animalsos.pl\/?page_id=468"},"modified":"2026-03-14T19:37:22","modified_gmt":"2026-03-14T18:37:22","slug":"w-nowych-domach","status":"publish","type":"page","link":"https:\/\/animalsos.pl\/?page_id=468","title":{"rendered":"W NOWYCH DOMACH"},"content":{"rendered":"\n<p class=\"has-white-color has-vivid-cyan-blue-background-color has-text-color has-background has-link-color wp-elements-fea861de50bb4a5aef41951d141d3257\"><em><strong>&#8222;Z ca\u0142ego serca dzi\u0119kujemy wszystkim nowym opiekunom za podarowanie domu i mi\u0142o\u015bci naszym podopiecznym. Ka\u017cda z tych historii to nasz wsp\u00f3lny sukces!&#8221;<\/strong><\/em><\/p>\n\n\n\n<div class=\"wp-block-columns is-layout-flex wp-container-core-columns-is-layout-9d6595d7 wp-block-columns-is-layout-flex\">\n<div class=\"wp-block-column is-layout-flow wp-block-column-is-layout-flow\">\n<figure class=\"wp-block-image size-large\"><img loading=\"lazy\" decoding=\"async\" width=\"768\" height=\"1024\" src=\"https:\/\/animalsos.pl\/wp-content\/uploads\/2026\/03\/d3216615-2bac-412b-8a21-e21011e34d52-768x1024.jpeg\" alt=\"\" class=\"wp-image-48345\" srcset=\"https:\/\/animalsos.pl\/wp-content\/uploads\/2026\/03\/d3216615-2bac-412b-8a21-e21011e34d52-768x1024.jpeg 768w, https:\/\/animalsos.pl\/wp-content\/uploads\/2026\/03\/d3216615-2bac-412b-8a21-e21011e34d52-225x300.jpeg 225w, https:\/\/animalsos.pl\/wp-content\/uploads\/2026\/03\/d3216615-2bac-412b-8a21-e21011e34d52-1152x1536.jpeg 1152w, https:\/\/animalsos.pl\/wp-content\/uploads\/2026\/03\/d3216615-2bac-412b-8a21-e21011e34d52-1140x1520.jpeg 1140w, https:\/\/animalsos.pl\/wp-content\/uploads\/2026\/03\/d3216615-2bac-412b-8a21-e21011e34d52.jpeg 1536w\" sizes=\"auto, (max-width: 768px) 100vw, 768px\" \/><\/figure>\n\n\n\n<h3 class=\"wp-block-heading\">BIG &#8211; adopcja 13.03.2026<\/h3>\n<\/div>\n\n\n\n<div class=\"wp-block-column is-layout-flow wp-block-column-is-layout-flow\"><\/div>\n\n\n\n<div class=\"wp-block-column is-layout-flow wp-block-column-is-layout-flow\"><\/div>\n<\/div>\n\n\n\n<p><\/p>\n","protected":false},"excerpt":{"rendered":"<p>&#8222;Z ca\u0142ego serca dzi\u0119kujemy wszystkim nowym opiekunom za podarowanie domu i mi\u0142o\u015bci naszym podopiecznym. Ka\u017cda z tych historii to nasz wsp\u00f3lny sukces!&#8221; BIG &#8211; adopcja 13.03.2026<\/p>\n","protected":false},"author":1,"featured_media":0,"parent":0,"menu_order":0,"comment_status":"closed","ping_status":"closed","template":"","meta":{"_monsterinsights_skip_tracking":false,"_monsterinsights_sitenote_active":false,"_monsterinsights_sitenote_note":"","_monsterinsights_sitenote_category":0,"footnotes":""},"class_list":["post-468","page","type-page","status-publish","hentry"],"aioseo_notices":[],"acf":[],"_links":{"self":[{"href":"https:\/\/animalsos.pl\/index.php?rest_route=\/wp\/v2\/pages\/468","targetHints":{"allow":["GET"]}}],"collection":[{"href":"https:\/\/animalsos.pl\/index.php?rest_route=\/wp\/v2\/pages"}],"about":[{"href":"https:\/\/animalsos.pl\/index.php?rest_route=\/wp\/v2\/types\/page"}],"author":[{"embeddable":true,"href":"https:\/\/animalsos.pl\/index.php?rest_route=\/wp\/v2\/users\/1"}],"replies":[{"embeddable":true,"href":"https:\/\/animalsos.pl\/index.php?rest_route=%2Fwp%2Fv2%2Fcomments&post=468"}],"version-history":[{"count":5,"href":"https:\/\/animalsos.pl\/index.php?rest_route=\/wp\/v2\/pages\/468\/revisions"}],"predecessor-version":[{"id":48346,"href":"https:\/\/animalsos.pl\/index.php?rest_route=\/wp\/v2\/pages\/468\/revisions\/48346"}],"wp:attachment":[{"href":"https:\/\/animalsos.pl\/index.php?rest_route=%2Fwp%2Fv2%2Fmedia&parent=468"}],"curies":[{"name":"wp","href":"https:\/\/api.w.org\/{rel}","templated":true}]}}